{"id":1125,"date":"2025-03-06T16:15:04","date_gmt":"2025-03-06T08:15:04","guid":{"rendered":"https:\/\/demo.tmrwstudio.net\/atlas\/eight\/?page_id=1125"},"modified":"2025-03-19T17:55:31","modified_gmt":"2025-03-19T09:55:31","slug":"contact","status":"publish","type":"page","link":"https:\/\/blog.tipacharge.com\/pt\/contact\/","title":{"rendered":"Sobre"},"content":{"rendered":"<div data-elementor-type=\"wp-page\" data-elementor-id=\"1125\" class=\"elementor elementor-1125\">\n\t\t\t\t<div class=\"elementor-element elementor-element-74e4ff89 is-skin bg-el bg-dark e-flex e-con-boxed sticky-no nochange-no bg-no bg-no box-no e-con e-parent\" data-id=\"74e4ff89\" data-element_type=\"container\">\n\t\t\t\t\t<div class=\"e-con-inner\">\n\t\t\t\t<div class=\"elementor-element elementor-element-6220923 elementor-widget elementor-widget-text-editor\" data-id=\"6220923\" data-element_type=\"widget\" data-widget_type=\"text-editor.default\">\n\t\t\t\t<div class=\"elementor-widget-container\">\n\t\t\t\t\t\t\t\t\t<h1 class=\"wp-block-heading\"><span style=\"color: #000000;\">Para al\u00e9m das baterias: O seu parceiro de carregamento<\/span><\/h1>\n<p><span style=\"color: #000000;\"><!-- \/wp:heading --><!-- wp:paragraph --><\/span><\/p>\n<p><span style=\"color: #000000;\">Criamos bancos de energia partilhados, mas isso \u00e9 apenas o in\u00edcio da nossa hist\u00f3ria.<\/span><\/p>\n<p><span style=\"color: #000000;\"><!-- \/wp:paragraph --><!-- wp:heading --><\/span><\/p>\n<h2 class=\"wp-block-heading\"><span style=\"color: #000000;\">As mentes por detr\u00e1s da tecnologia<\/span><\/h2>\n<p><span style=\"color: #000000;\"><!-- \/wp:heading --><!-- wp:paragraph --><\/span><\/p>\n<p><span style=\"color: #000000;\">Dez de n\u00f3s - seis programadores e quatro construtores de hardware - trabalhamos em conjunto para criar novas solu\u00e7\u00f5es de carregamento. Todos os anos, lan\u00e7amos dezenas de novos projectos, muitos deles feitos \u00e0 medida para clientes espec\u00edficos.<\/span><\/p>\n<p><span style=\"color: #000000;\"><!-- \/wp:paragraph --><!-- wp:heading --><\/span><\/p>\n<h2 class=\"wp-block-heading\"><span style=\"color: #000000;\">A nossa oficina<\/span><\/h2>\n<p><span style=\"color: #000000;\"><!-- \/wp:heading --><!-- wp:paragraph --><\/span><\/p>\n<p><span style=\"color: #000000;\">A nossa oficina de 2.800m\u00b2 trata de tudo, desde a montagem e impress\u00e3o at\u00e9 aos testes e armazenamento. J\u00e1 o fazemos h\u00e1 tempo suficiente para saber o que funciona e o que n\u00e3o funciona.<\/span><\/p>\n<p><span style=\"color: #000000;\"><!-- \/wp:paragraph --><!-- wp:heading --><\/span><\/p>\n<h2 class=\"wp-block-heading\"><span style=\"color: #000000;\">Parceria real<\/span><\/h2>\n<p><span style=\"color: #000000;\"><!-- \/wp:heading --><!-- wp:paragraph --><\/span><\/p>\n<p><span style=\"color: #000000;\">Sejamos honestos - o pl\u00e1stico e o metal que fabricamos s\u00e3o apenas uma ferramenta. O verdadeiro valor vem da forma como trabalhamos consigo:<\/span><\/p>\n<p><span style=\"color: #000000;\"><!-- \/wp:paragraph --><!-- wp:list --><\/span><\/p>\n<ul class=\"wp-block-list\">\n<li style=\"list-style-type: none;\">\n<ul class=\"wp-block-list\"><!-- wp:list-item --><\/ul>\n<\/li>\n<\/ul>\n<ul>\n<li><span style=\"color: #000000;\">Atendemos o telefone quando nos telefona<\/span><\/li>\n<li><span style=\"color: #000000;\">N\u00e3o nos esquivamos aos problemas<\/span><\/li>\n<li><span style=\"color: #000000;\">Partilhamos o que estamos a ver no mercado<\/span><\/li>\n<li><span style=\"color: #000000;\">Ajudamo-lo a fazer crescer a sua empresa<\/span><\/li>\n<\/ul>\n<p><span style=\"color: #000000;\">Quando nos d\u00e1 um aperto de m\u00e3o, n\u00e3o est\u00e1 apenas a comprar bancos de pot\u00eancia - est\u00e1 a receber uma equipa que quer que o seu servi\u00e7o de carregamento prospere.<\/span><\/p>\n<p><span style=\"color: #000000;\"><!-- \/wp:paragraph --><!-- wp:separator --><\/span><\/p>\n<hr class=\"wp-block-separator has-alpha-channel-opacity\" \/>\n<p><span style=\"color: #000000;\"><!-- \/wp:separator --><!-- wp:heading --><\/span><\/p>\n<h2 class=\"wp-block-heading\"><span style=\"color: #000000;\">Localiza\u00e7\u00e3o<\/span><\/h2>\n<p><!-- \/wp:heading --><!-- wp:paragraph --><\/p>\n<p><!-- \/wp:paragraph --><\/p>\t\t\t\t\t\t\t\t<\/div>\n\t\t\t\t<\/div>\n\t\t\t\t<div class=\"elementor-element elementor-element-083e2a6 elementor-widget elementor-widget-google_maps\" data-id=\"083e2a6\" data-element_type=\"widget\" data-widget_type=\"google_maps.default\">\n\t\t\t\t<div class=\"elementor-widget-container\">\n\t\t\t\t\t\t\t<div class=\"elementor-custom-embed\">\n\t\t\t<iframe loading=\"lazy\"\n\t\t\t\t\tsrc=\"https:\/\/maps.google.com\/maps?q=shenzhen%20baoao%20fuyong&#038;t=m&#038;z=13&#038;output=embed&#038;iwloc=near\"\n\t\t\t\t\ttitle=\"shenzhen baoao fuyong\"\n\t\t\t\t\taria-label=\"shenzhen baoao fuyong\"\n\t\t\t><\/iframe>\n\t\t<\/div>\n\t\t\t\t\t\t<\/div>\n\t\t\t\t<\/div>\n\t\t\t\t\t<\/div>\n\t\t\t\t<\/div>\n\t\t\t\t<\/div>","protected":false},"excerpt":{"rendered":"<p>Beyond Batteries: Your Charging Partner We build shared power banks, but that&#8217;s just the beginning of our story. The Minds Behind the Technology Ten of us\u2014six programmers and four hardware builders\u2014work hands-on to create new charging solutions. Every year, we roll out dozens of new designs, many custom-made for specific clients. Our Workshop Our 2,800m\u00b2 shop floor handles everything from assembly and printing to testing and storage. We&#8217;ve been doing this long enough to know what works and what doesn&#8217;t. Real Partnership Let&#8217;s be honest\u2014the plastic and metal we make is just a tool. The real value comes from how we work with you: We pick up the phone when you call We don&#8217;t duck problems We share what we&#8217;re seeing in the market We help you grow your business When you shake hands with us, you&#8217;re not just buying power banks\u2014you&#8217;re getting a team that wants your charging service to thrive. Location<\/p>","protected":false},"author":1,"featured_media":0,"parent":0,"menu_order":0,"comment_status":"closed","ping_status":"closed","template":"","meta":{"_acf_changed":false,"footnotes":""},"class_list":["post-1125","page","type-page","status-publish","hentry"],"acf":[],"aioseo_notices":[],"_links":{"self":[{"href":"https:\/\/blog.tipacharge.com\/pt\/wp-json\/wp\/v2\/pages\/1125","targetHints":{"allow":["GET"]}}],"collection":[{"href":"https:\/\/blog.tipacharge.com\/pt\/wp-json\/wp\/v2\/pages"}],"about":[{"href":"https:\/\/blog.tipacharge.com\/pt\/wp-json\/wp\/v2\/types\/page"}],"author":[{"embeddable":true,"href":"https:\/\/blog.tipacharge.com\/pt\/wp-json\/wp\/v2\/users\/1"}],"replies":[{"embeddable":true,"href":"https:\/\/blog.tipacharge.com\/pt\/wp-json\/wp\/v2\/comments?post=1125"}],"version-history":[{"count":23,"href":"https:\/\/blog.tipacharge.com\/pt\/wp-json\/wp\/v2\/pages\/1125\/revisions"}],"predecessor-version":[{"id":1306,"href":"https:\/\/blog.tipacharge.com\/pt\/wp-json\/wp\/v2\/pages\/1125\/revisions\/1306"}],"wp:attachment":[{"href":"https:\/\/blog.tipacharge.com\/pt\/wp-json\/wp\/v2\/media?parent=1125"}],"curies":[{"name":"wp","href":"https:\/\/api.w.org\/{rel}","templated":true}]}}