{"id":1125,"date":"2025-03-06T16:15:04","date_gmt":"2025-03-06T08:15:04","guid":{"rendered":"https:\/\/demo.tmrwstudio.net\/atlas\/eight\/?page_id=1125"},"modified":"2025-03-19T17:55:31","modified_gmt":"2025-03-19T09:55:31","slug":"contact","status":"publish","type":"page","link":"https:\/\/blog.tipacharge.com\/fr\/contact\/","title":{"rendered":"A propos de"},"content":{"rendered":"<div data-elementor-type=\"wp-page\" data-elementor-id=\"1125\" class=\"elementor elementor-1125\">\n\t\t\t\t<div class=\"elementor-element elementor-element-74e4ff89 is-skin bg-el bg-dark e-flex e-con-boxed sticky-no nochange-no bg-no bg-no box-no e-con e-parent\" data-id=\"74e4ff89\" data-element_type=\"container\">\n\t\t\t\t\t<div class=\"e-con-inner\">\n\t\t\t\t<div class=\"elementor-element elementor-element-6220923 elementor-widget elementor-widget-text-editor\" data-id=\"6220923\" data-element_type=\"widget\" data-widget_type=\"text-editor.default\">\n\t\t\t\t<div class=\"elementor-widget-container\">\n\t\t\t\t\t\t\t\t\t<h1 class=\"wp-block-heading\"><span style=\"color: #000000;\">Au-del\u00e0 des piles : Votre partenaire de recharge<\/span><\/h1>\n<p><span style=\"color: #000000;\"><!-- \/wp:heading --><!-- wp:paragraph --><\/span><\/p>\n<p><span style=\"color: #000000;\">Nous construisons des banques d'\u00e9nergie partag\u00e9es, mais ce n'est que le d\u00e9but de notre histoire.<\/span><\/p>\n<p><span style=\"color: #000000;\"><!-- \/wp:paragraph --><!-- wp:heading --><\/span><\/p>\n<h2 class=\"wp-block-heading\"><span style=\"color: #000000;\">L'esprit derri\u00e8re la technologie<\/span><\/h2>\n<p><span style=\"color: #000000;\"><!-- \/wp:heading --><!-- wp:paragraph --><\/span><\/p>\n<p><span style=\"color: #000000;\">Nous sommes dix - six programmeurs et quatre constructeurs de mat\u00e9riel - \u00e0 travailler sur place pour cr\u00e9er de nouvelles solutions de recharge. Chaque ann\u00e9e, nous lan\u00e7ons des dizaines de nouveaux mod\u00e8les, dont beaucoup sont con\u00e7us sur mesure pour des clients sp\u00e9cifiques.<\/span><\/p>\n<p><span style=\"color: #000000;\"><!-- \/wp:paragraph --><!-- wp:heading --><\/span><\/p>\n<h2 class=\"wp-block-heading\"><span style=\"color: #000000;\">Notre atelier<\/span><\/h2>\n<p><span style=\"color: #000000;\"><!-- \/wp:heading --><!-- wp:paragraph --><\/span><\/p>\n<p><span style=\"color: #000000;\">Notre atelier de 2 800 m\u00b2 s'occupe de tout, de l'assemblage \u00e0 l'impression, en passant par les essais et le stockage. Nous avons suffisamment d'exp\u00e9rience pour savoir ce qui fonctionne et ce qui ne fonctionne pas.<\/span><\/p>\n<p><span style=\"color: #000000;\"><!-- \/wp:paragraph --><!-- wp:heading --><\/span><\/p>\n<h2 class=\"wp-block-heading\"><span style=\"color: #000000;\">Un v\u00e9ritable partenariat<\/span><\/h2>\n<p><span style=\"color: #000000;\"><!-- \/wp:heading --><!-- wp:paragraph --><\/span><\/p>\n<p><span style=\"color: #000000;\">Soyons honn\u00eates : le plastique et le m\u00e9tal que nous fabriquons ne sont que des outils. La vraie valeur vient de la fa\u00e7on dont nous travaillons avec vous :<\/span><\/p>\n<p><span style=\"color: #000000;\"><!-- \/wp:paragraph --><!-- wp:list --><\/span><\/p>\n<ul class=\"wp-block-list\">\n<li style=\"list-style-type: none;\">\n<ul class=\"wp-block-list\"><!-- wp:list-item --><\/ul>\n<\/li>\n<\/ul>\n<ul>\n<li><span style=\"color: #000000;\">Nous d\u00e9crochons le t\u00e9l\u00e9phone quand vous appelez<\/span><\/li>\n<li><span style=\"color: #000000;\">Nous n'esquivons pas les probl\u00e8mes<\/span><\/li>\n<li><span style=\"color: #000000;\">Nous partageons ce que nous observons sur le march\u00e9<\/span><\/li>\n<li><span style=\"color: #000000;\">Nous vous aidons \u00e0 d\u00e9velopper votre activit\u00e9<\/span><\/li>\n<\/ul>\n<p><span style=\"color: #000000;\">Lorsque vous nous serrez la main, vous n'achetez pas seulement des blocs d'alimentation, mais une \u00e9quipe qui veut que votre service de recharge prosp\u00e8re.<\/span><\/p>\n<p><span style=\"color: #000000;\"><!-- \/wp:paragraph --><!-- wp:separator --><\/span><\/p>\n<hr class=\"wp-block-separator has-alpha-channel-opacity\" \/>\n<p><span style=\"color: #000000;\"><!-- \/wp:separator --><!-- wp:heading --><\/span><\/p>\n<h2 class=\"wp-block-heading\"><span style=\"color: #000000;\">Localisation<\/span><\/h2>\n<p><!-- \/wp:heading --><!-- wp:paragraph --><\/p>\n<p><!-- \/wp:paragraph --><\/p>\t\t\t\t\t\t\t\t<\/div>\n\t\t\t\t<\/div>\n\t\t\t\t<div class=\"elementor-element elementor-element-083e2a6 elementor-widget elementor-widget-google_maps\" data-id=\"083e2a6\" data-element_type=\"widget\" data-widget_type=\"google_maps.default\">\n\t\t\t\t<div class=\"elementor-widget-container\">\n\t\t\t\t\t\t\t<div class=\"elementor-custom-embed\">\n\t\t\t<iframe loading=\"lazy\"\n\t\t\t\t\tsrc=\"https:\/\/maps.google.com\/maps?q=shenzhen%20baoao%20fuyong&#038;t=m&#038;z=13&#038;output=embed&#038;iwloc=near\"\n\t\t\t\t\ttitle=\"shenzhen baoao fuyong\"\n\t\t\t\t\taria-label=\"shenzhen baoao fuyong\"\n\t\t\t><\/iframe>\n\t\t<\/div>\n\t\t\t\t\t\t<\/div>\n\t\t\t\t<\/div>\n\t\t\t\t\t<\/div>\n\t\t\t\t<\/div>\n\t\t\t\t<\/div>","protected":false},"excerpt":{"rendered":"<p>Beyond Batteries: Your Charging Partner We build shared power banks, but that&#8217;s just the beginning of our story. The Minds Behind the Technology Ten of us\u2014six programmers and four hardware builders\u2014work hands-on to create new charging solutions. Every year, we roll out dozens of new designs, many custom-made for specific clients. Our Workshop Our 2,800m\u00b2 shop floor handles everything from assembly and printing to testing and storage. We&#8217;ve been doing this long enough to know what works and what doesn&#8217;t. Real Partnership Let&#8217;s be honest\u2014the plastic and metal we make is just a tool. The real value comes from how we work with you: We pick up the phone when you call We don&#8217;t duck problems We share what we&#8217;re seeing in the market We help you grow your business When you shake hands with us, you&#8217;re not just buying power banks\u2014you&#8217;re getting a team that wants your charging service to thrive. Location<\/p>","protected":false},"author":1,"featured_media":0,"parent":0,"menu_order":0,"comment_status":"closed","ping_status":"closed","template":"","meta":{"_acf_changed":false,"footnotes":""},"class_list":["post-1125","page","type-page","status-publish","hentry"],"acf":[],"aioseo_notices":[],"_links":{"self":[{"href":"https:\/\/blog.tipacharge.com\/fr\/wp-json\/wp\/v2\/pages\/1125","targetHints":{"allow":["GET"]}}],"collection":[{"href":"https:\/\/blog.tipacharge.com\/fr\/wp-json\/wp\/v2\/pages"}],"about":[{"href":"https:\/\/blog.tipacharge.com\/fr\/wp-json\/wp\/v2\/types\/page"}],"author":[{"embeddable":true,"href":"https:\/\/blog.tipacharge.com\/fr\/wp-json\/wp\/v2\/users\/1"}],"replies":[{"embeddable":true,"href":"https:\/\/blog.tipacharge.com\/fr\/wp-json\/wp\/v2\/comments?post=1125"}],"version-history":[{"count":23,"href":"https:\/\/blog.tipacharge.com\/fr\/wp-json\/wp\/v2\/pages\/1125\/revisions"}],"predecessor-version":[{"id":1306,"href":"https:\/\/blog.tipacharge.com\/fr\/wp-json\/wp\/v2\/pages\/1125\/revisions\/1306"}],"wp:attachment":[{"href":"https:\/\/blog.tipacharge.com\/fr\/wp-json\/wp\/v2\/media?parent=1125"}],"curies":[{"name":"wp","href":"https:\/\/api.w.org\/{rel}","templated":true}]}}